{"id":1014,"date":"2022-08-29T17:11:32","date_gmt":"2022-08-29T17:11:32","guid":{"rendered":"https:\/\/mujerstem.cl\/capacitaciones\/?page_id=1014"},"modified":"2022-12-28T14:14:27","modified_gmt":"2022-12-28T14:14:27","slug":"genero","status":"publish","type":"page","link":"https:\/\/mujerstem.cl\/capacitaciones\/genero\/","title":{"rendered":"G\u00e9nero"},"content":{"rendered":"\t\t<div data-elementor-type=\"wp-page\" data-elementor-id=\"1014\" class=\"elementor elementor-1014\" data-elementor-post-type=\"page\">\n\t\t\t\t\t\t<section data-particle_enable=\"false\" data-particle-mobile-disabled=\"false\" class=\"elementor-section elementor-top-section elementor-element elementor-element-03cc47b elementor-section-height-min-height elementor-section-content-middle elementor-section-boxed elementor-section-height-default elementor-section-items-middle\" data-id=\"03cc47b\" data-element_type=\"section\" data-e-type=\"section\" data-settings=\"{&quot;background_background&quot;:&quot;classic&quot;,&quot;jet_parallax_layout_list&quot;:[]}\">\n\t\t\t\t\t\t\t<div class=\"elementor-background-overlay\"><\/div>\n\t\t\t\t\t\t\t<div class=\"elementor-container elementor-column-gap-no\">\n\t\t\t\t\t<div class=\"elementor-column elementor-col-100 elementor-top-column elementor-element elementor-element-bfaaa01\" data-id=\"bfaaa01\" data-element_type=\"column\" data-e-type=\"column\" data-settings=\"{&quot;background_background&quot;:&quot;classic&quot;}\">\n\t\t\t<div class=\"elementor-widget-wrap elementor-element-populated\">\n\t\t\t\t\t\t<div class=\"elementor-element elementor-element-dc1f30c elementor-widget elementor-widget-heading\" data-id=\"dc1f30c\" data-element_type=\"widget\" data-e-type=\"widget\" data-widget_type=\"heading.default\">\n\t\t\t\t<div class=\"elementor-widget-container\">\n\t\t\t\t\t<h1 class=\"elementor-heading-title elementor-size-default\">G\u00e9nero<\/h1>\t\t\t\t<\/div>\n\t\t\t\t<\/div>\n\t\t\t\t\t<\/div>\n\t\t<\/div>\n\t\t\t\t\t<\/div>\n\t\t<\/section>\n\t\t\t\t<section data-particle_enable=\"false\" data-particle-mobile-disabled=\"false\" class=\"elementor-section elementor-top-section elementor-element elementor-element-2e0e92c elementor-section-boxed elementor-section-height-default elementor-section-height-default\" data-id=\"2e0e92c\" data-element_type=\"section\" data-e-type=\"section\" data-settings=\"{&quot;jet_parallax_layout_list&quot;:[]}\">\n\t\t\t\t\t\t<div class=\"elementor-container elementor-column-gap-default\">\n\t\t\t\t\t<div class=\"elementor-column elementor-col-100 elementor-top-column elementor-element elementor-element-10fce93\" data-id=\"10fce93\" data-element_type=\"column\" data-e-type=\"column\">\n\t\t\t<div class=\"elementor-widget-wrap elementor-element-populated\">\n\t\t\t\t\t\t<div class=\"elementor-element elementor-element-42663ef elementor-widget elementor-widget-text-editor\" data-id=\"42663ef\" data-element_type=\"widget\" data-e-type=\"widget\" data-widget_type=\"text-editor.default\">\n\t\t\t\t<div class=\"elementor-widget-container\">\n\t\t\t\t\t\t\t\t\t<p>Nuestro foco es que a la vez que entregamos una charla\/taller o curso que aborda distintas realidades y formas de ver el asunto a tratar, con videos, interacciones y encuestas, procuramos obtener informaci\u00f3n certera para ser trabajada por &#8220;Gesti\u00f3n de personas&#8221;; as\u00ed nuestra propuesta se extiende m\u00e1s all\u00e1 de la presentaci\u00f3n espec\u00edfica. <br \/>Realizamos seguimiento de nuestras charlas para gestionar de forma integral las necesidades de la entidad.<\/p>\t\t\t\t\t\t\t\t<\/div>\n\t\t\t\t<\/div>\n\t\t\t\t\t<\/div>\n\t\t<\/div>\n\t\t\t\t\t<\/div>\n\t\t<\/section>\n\t\t\t\t<section data-particle_enable=\"false\" data-particle-mobile-disabled=\"false\" class=\"elementor-section elementor-top-section elementor-element elementor-element-0bbc586 elementor-section-boxed elementor-section-height-default elementor-section-height-default\" data-id=\"0bbc586\" data-element_type=\"section\" data-e-type=\"section\" data-settings=\"{&quot;jet_parallax_layout_list&quot;:[]}\">\n\t\t\t\t\t\t<div class=\"elementor-container elementor-column-gap-default\">\n\t\t\t\t\t<div class=\"elementor-column elementor-col-100 elementor-top-column elementor-element elementor-element-36b16ad\" data-id=\"36b16ad\" data-element_type=\"column\" data-e-type=\"column\">\n\t\t\t<div class=\"elementor-widget-wrap elementor-element-populated\">\n\t\t\t\t\t\t<div class=\"elementor-element elementor-element-739442c stax-geo_location_enabled-error stax-edd_users_enabled-error elementor-widget elementor-widget-jet-listing-grid\" data-id=\"739442c\" data-element_type=\"widget\" data-e-type=\"widget\" data-settings=\"{&quot;columns&quot;:3,&quot;columns_tablet&quot;:&quot;2&quot;,&quot;columns_mobile&quot;:&quot;1&quot;}\" data-widget_type=\"jet-listing-grid.default\">\n\t\t\t\t<div class=\"elementor-widget-container\">\n\t\t\t\t\t<div class=\"jet-listing-grid jet-listing\"><div class=\"jet-listing-grid__items grid-col-desk-3 grid-col-tablet-2 grid-col-mobile-1 jet-listing-grid--2350 jet-equal-columns__wrapper woocommerce\" data-queried-id=\"1014|WP_Post\" data-nav=\"{&quot;enabled&quot;:false,&quot;type&quot;:null,&quot;more_el&quot;:null,&quot;query&quot;:[],&quot;widget_settings&quot;:{&quot;lisitng_id&quot;:2350,&quot;posts_num&quot;:100,&quot;columns&quot;:3,&quot;columns_tablet&quot;:2,&quot;columns_mobile&quot;:1,&quot;is_archive_template&quot;:&quot;&quot;,&quot;post_status&quot;:[&quot;publish&quot;],&quot;use_random_posts_num&quot;:&quot;&quot;,&quot;max_posts_num&quot;:9,&quot;not_found_message&quot;:&quot;No se encontraron datos&quot;,&quot;is_masonry&quot;:false,&quot;equal_columns_height&quot;:&quot;yes&quot;,&quot;use_load_more&quot;:&quot;&quot;,&quot;load_more_id&quot;:&quot;&quot;,&quot;load_more_type&quot;:&quot;click&quot;,&quot;load_more_offset&quot;:{&quot;unit&quot;:&quot;px&quot;,&quot;size&quot;:0,&quot;sizes&quot;:[]},&quot;use_custom_post_types&quot;:&quot;yes&quot;,&quot;custom_post_types&quot;:[],&quot;hide_widget_if&quot;:&quot;&quot;,&quot;carousel_enabled&quot;:&quot;&quot;,&quot;slides_to_scroll&quot;:&quot;1&quot;,&quot;arrows&quot;:&quot;true&quot;,&quot;arrow_icon&quot;:&quot;fa fa-angle-left&quot;,&quot;dots&quot;:&quot;&quot;,&quot;autoplay&quot;:&quot;true&quot;,&quot;pause_on_hover&quot;:&quot;true&quot;,&quot;autoplay_speed&quot;:5000,&quot;infinite&quot;:&quot;true&quot;,&quot;center_mode&quot;:&quot;&quot;,&quot;effect&quot;:&quot;slide&quot;,&quot;speed&quot;:500,&quot;inject_alternative_items&quot;:&quot;&quot;,&quot;injection_items&quot;:[],&quot;scroll_slider_enabled&quot;:&quot;&quot;,&quot;scroll_slider_on&quot;:[&quot;desktop&quot;,&quot;tablet&quot;,&quot;mobile&quot;],&quot;custom_query&quot;:false,&quot;custom_query_id&quot;:&quot;&quot;,&quot;_element_id&quot;:&quot;&quot;,&quot;collapse_first_last_gap&quot;:false,&quot;list_items_wrapper_tag&quot;:&quot;div&quot;,&quot;list_item_tag&quot;:&quot;div&quot;,&quot;empty_items_wrapper_tag&quot;:&quot;div&quot;}}\" data-page=\"1\" data-pages=\"1\" data-listing-source=\"posts\" data-listing-id=\"2350\" data-query-id=\"\"><div class=\"jet-listing-grid__item jet-listing-dynamic-post-784 jet-equal-columns\" data-post-id=\"784\" >\t\t<div data-elementor-type=\"jet-listing-items\" data-elementor-id=\"2350\" class=\"elementor elementor-2350\" data-elementor-post-type=\"jet-engine\">\n\t\t\t\t\t\t<section data-particle_enable=\"false\" data-particle-mobile-disabled=\"false\" class=\"elementor-section elementor-top-section elementor-element elementor-element-64f7798 elementor-section-boxed elementor-section-height-default elementor-section-height-default\" data-id=\"64f7798\" data-element_type=\"section\" data-e-type=\"section\" data-settings=\"{&quot;jet_parallax_layout_list&quot;:[]}\">\n\t\t\t\t\t\t<div class=\"elementor-container elementor-column-gap-default\">\n\t\t\t\t\t<div class=\"elementor-column elementor-col-100 elementor-top-column elementor-element elementor-element-9f71cae\" data-id=\"9f71cae\" data-element_type=\"column\" data-e-type=\"column\">\n\t\t\t<div class=\"elementor-widget-wrap elementor-element-populated\">\n\t\t\t\t\t\t<div class=\"elementor-element elementor-element-e3ab3b2 elementor-view-stacked elementor-shape-circle elementor-widget elementor-widget-icon\" data-id=\"e3ab3b2\" data-element_type=\"widget\" data-e-type=\"widget\" data-widget_type=\"icon.default\">\n\t\t\t\t<div class=\"elementor-widget-container\">\n\t\t\t\t\t\t\t<div class=\"elementor-icon-wrapper\">\n\t\t\t<div class=\"elementor-icon\">\n\t\t\t<i aria-hidden=\"true\" class=\"far fa-bookmark\"><\/i>\t\t\t<\/div>\n\t\t<\/div>\n\t\t\t\t\t\t<\/div>\n\t\t\t\t<\/div>\n\t\t\t\t<div class=\"elementor-element elementor-element-17dbb2d elementor-widget elementor-widget-image\" data-id=\"17dbb2d\" data-element_type=\"widget\" data-e-type=\"widget\" data-widget_type=\"image.default\">\n\t\t\t\t<div class=\"elementor-widget-container\">\n\t\t\t\t\t\t\t\t\t\t\t\t\t\t\t\t<a href=\"https:\/\/mujerstem.cl\/capacitaciones\/curso\/herramientas-para-la-incorporacion-del-enfoque-de-genero-en-las-organizaciones\/\">\n\t\t\t\t\t\t\t<img fetchpriority=\"high\" decoding=\"async\" width=\"1584\" height=\"596\" src=\"https:\/\/mujerstem.cl\/capacitaciones\/wp-content\/uploads\/2022\/08\/Diseno-sin-titulo-1.jpg\" class=\"attachment-full size-full wp-image-788\" alt=\"\" srcset=\"https:\/\/mujerstem.cl\/capacitaciones\/wp-content\/uploads\/2022\/08\/Diseno-sin-titulo-1.jpg 1584w, https:\/\/mujerstem.cl\/capacitaciones\/wp-content\/uploads\/2022\/08\/Diseno-sin-titulo-1-300x113.jpg 300w, https:\/\/mujerstem.cl\/capacitaciones\/wp-content\/uploads\/2022\/08\/Diseno-sin-titulo-1-1024x385.jpg 1024w, https:\/\/mujerstem.cl\/capacitaciones\/wp-content\/uploads\/2022\/08\/Diseno-sin-titulo-1-768x289.jpg 768w, https:\/\/mujerstem.cl\/capacitaciones\/wp-content\/uploads\/2022\/08\/Diseno-sin-titulo-1-1536x578.jpg 1536w, https:\/\/mujerstem.cl\/capacitaciones\/wp-content\/uploads\/2022\/08\/Diseno-sin-titulo-1-600x226.jpg 600w\" sizes=\"(max-width: 1584px) 100vw, 1584px\" \/>\t\t\t\t\t\t\t\t<\/a>\n\t\t\t\t\t\t\t\t\t\t\t\t\t\t\t<\/div>\n\t\t\t\t<\/div>\n\t\t\t\t<section data-particle_enable=\"false\" data-particle-mobile-disabled=\"false\" class=\"elementor-section elementor-inner-section elementor-element elementor-element-7747bf0 elementor-section-boxed elementor-section-height-default elementor-section-height-default\" data-id=\"7747bf0\" data-element_type=\"section\" data-e-type=\"section\" data-settings=\"{&quot;background_background&quot;:&quot;classic&quot;,&quot;jet_parallax_layout_list&quot;:[]}\">\n\t\t\t\t\t\t<div class=\"elementor-container elementor-column-gap-no\">\n\t\t\t\t\t<div class=\"elementor-column elementor-col-100 elementor-inner-column elementor-element elementor-element-e7c01b0\" data-id=\"e7c01b0\" data-element_type=\"column\" data-e-type=\"column\">\n\t\t\t<div class=\"elementor-widget-wrap elementor-element-populated\">\n\t\t\t\t\t\t<div class=\"elementor-element elementor-element-66f019e elementor-widget__width-auto elementor-widget elementor-widget-heading\" data-id=\"66f019e\" data-element_type=\"widget\" data-e-type=\"widget\" data-widget_type=\"heading.default\">\n\t\t\t\t<div class=\"elementor-widget-container\">\n\t\t\t\t\t<h6 class=\"elementor-heading-title elementor-size-default\"><a href=\"https:\/\/mujerstem.cl\/capacitaciones\/categoria-de-cursos\/genero\/enfoque-de-genero-y-organizaciones\/\" rel=\"tag\">Enfoque de G\u00e9nero y Organizaciones<\/a>, <a href=\"https:\/\/mujerstem.cl\/capacitaciones\/categoria-de-cursos\/genero\/\" rel=\"tag\">G\u00e9nero<\/a><\/h6>\t\t\t\t<\/div>\n\t\t\t\t<\/div>\n\t\t\t\t<div class=\"elementor-element elementor-element-dedbcab elementor-widget elementor-widget-heading\" data-id=\"dedbcab\" data-element_type=\"widget\" data-e-type=\"widget\" data-widget_type=\"heading.default\">\n\t\t\t\t<div class=\"elementor-widget-container\">\n\t\t\t\t\t<h5 class=\"elementor-heading-title elementor-size-default\"><a href=\"https:\/\/mujerstem.cl\/capacitaciones\/curso\/herramientas-para-la-incorporacion-del-enfoque-de-genero-en-las-organizaciones\/\">Herramientas para la incorporaci\u00f3n del enfoque de g\u00e9nero en las organizaciones<\/a><\/h5>\t\t\t\t<\/div>\n\t\t\t\t<\/div>\n\t\t\t\t<div class=\"elementor-element elementor-element-2355573 elementor-star-rating--align-start elementor--star-style-star_fontawesome elementor-widget elementor-widget-star-rating\" data-id=\"2355573\" data-element_type=\"widget\" data-e-type=\"widget\" data-widget_type=\"star-rating.default\">\n\t\t\t\t<div class=\"elementor-widget-container\">\n\t\t\t\t\t\t\t<div class=\"elementor-star-rating__wrapper\">\n\t\t\t\t\t\t\t<div class=\"elementor-star-rating__title\">(5 Estrellas)<\/div>\n\t\t\t\t\t\t<div class=\"elementor-star-rating\" itemtype=\"http:\/\/schema.org\/Rating\" itemscope=\"\" itemprop=\"reviewRating\">\n\t\t\t\t<i class=\"elementor-star-full\" aria-hidden=\"true\">&#xE934;<\/i><i class=\"elementor-star-full\" aria-hidden=\"true\">&#xE934;<\/i><i class=\"elementor-star-full\" aria-hidden=\"true\">&#xE934;<\/i><i class=\"elementor-star-full\" aria-hidden=\"true\">&#xE934;<\/i><i class=\"elementor-star-full\" aria-hidden=\"true\">&#xE934;<\/i>\t\t\t\t<span itemprop=\"ratingValue\" class=\"elementor-screen-only\">Valorado con 5 de 5<\/span>\n\t\t\t<\/div>\n\t\t<\/div>\n\t\t\t\t\t\t<\/div>\n\t\t\t\t<\/div>\n\t\t\t\t<div class=\"elementor-element elementor-element-866cc2d elementor-hidden-desktop elementor-hidden-tablet elementor-hidden-mobile elementor-widget elementor-widget-heading\" data-id=\"866cc2d\" data-element_type=\"widget\" data-e-type=\"widget\" data-widget_type=\"heading.default\">\n\t\t\t\t<div class=\"elementor-widget-container\">\n\t\t\t\t\t<h2 class=\"elementor-heading-title elementor-size-default\">Libre acceso<\/h2>\t\t\t\t<\/div>\n\t\t\t\t<\/div>\n\t\t\t\t<div class=\"elementor-element elementor-element-2359596 elementor-widget__width-auto elementor-icon-list--layout-traditional elementor-list-item-link-full_width elementor-widget elementor-widget-icon-list\" data-id=\"2359596\" data-element_type=\"widget\" data-e-type=\"widget\" data-widget_type=\"icon-list.default\">\n\t\t\t\t<div class=\"elementor-widget-container\">\n\t\t\t\t\t\t\t<ul class=\"elementor-icon-list-items\">\n\t\t\t\t\t\t\t<li class=\"elementor-icon-list-item\">\n\t\t\t\t\t\t\t\t\t\t\t<span class=\"elementor-icon-list-icon\">\n\t\t\t\t\t\t\t<i aria-hidden=\"true\" class=\"fas fa-user-friends\"><\/i>\t\t\t\t\t\t<\/span>\n\t\t\t\t\t\t\t\t\t\t<span class=\"elementor-icon-list-text\">40+ estudiantes<\/span>\n\t\t\t\t\t\t\t\t\t<\/li>\n\t\t\t\t\t\t<\/ul>\n\t\t\t\t\t\t<\/div>\n\t\t\t\t<\/div>\n\t\t\t\t<div class=\"elementor-element elementor-element-0a6cf73 elementor-widget__width-auto elementor-widget elementor-widget-button\" data-id=\"0a6cf73\" data-element_type=\"widget\" data-e-type=\"widget\" data-widget_type=\"button.default\">\n\t\t\t\t<div class=\"elementor-widget-container\">\n\t\t\t\t\t\t\t\t\t<div class=\"elementor-button-wrapper\">\n\t\t\t\t\t<a class=\"elementor-button elementor-button-link elementor-size-sm\" href=\"https:\/\/mujerstem.cl\/capacitaciones\/curso\/herramientas-para-la-incorporacion-del-enfoque-de-genero-en-las-organizaciones\/\">\n\t\t\t\t\t\t<span class=\"elementor-button-content-wrapper\">\n\t\t\t\t\t\t<span class=\"elementor-button-icon\">\n\t\t\t\t<i aria-hidden=\"true\" class=\"fas fa-long-arrow-alt-right\"><\/i>\t\t\t<\/span>\n\t\t\t\t\t\t\t\t\t<span class=\"elementor-button-text\">Ver curso<\/span>\n\t\t\t\t\t<\/span>\n\t\t\t\t\t<\/a>\n\t\t\t\t<\/div>\n\t\t\t\t\t\t\t\t<\/div>\n\t\t\t\t<\/div>\n\t\t\t\t\t<\/div>\n\t\t<\/div>\n\t\t\t\t\t<\/div>\n\t\t<\/section>\n\t\t\t\t\t<\/div>\n\t\t<\/div>\n\t\t\t\t\t<\/div>\n\t\t<\/section>\n\t\t\t\t<\/div>\n\t\t<\/div><\/div><\/div>\t\t\t\t<\/div>\n\t\t\t\t<\/div>\n\t\t\t\t\t<\/div>\n\t\t<\/div>\n\t\t\t\t\t<\/div>\n\t\t<\/section>\n\t\t\t\t<\/div>\n\t\t","protected":false},"excerpt":{"rendered":"<p>G\u00e9nero Nuestro foco es que a la vez que entregamos una charla\/taller o curso que aborda distintas realidades y formas de ver el asunto a tratar, con videos, interacciones y encuestas, procuramos obtener informaci\u00f3n certera para ser trabajada por &#8220;Gesti\u00f3n de personas&#8221;; as\u00ed nuestra propuesta se extiende m\u00e1s all\u00e1 de la presentaci\u00f3n espec\u00edfica. Realizamos seguimiento [&hellip;]<\/p>\n","protected":false},"author":1,"featured_media":0,"parent":0,"menu_order":0,"comment_status":"closed","ping_status":"closed","template":"elementor_header_footer","meta":{"footnotes":""},"class_list":["post-1014","page","type-page","status-publish","hentry"],"acf":[],"yoast_head":"<!-- This site is optimized with the Yoast SEO Premium plugin v22.3 (Yoast SEO v24.8) - https:\/\/yoast.com\/wordpress\/plugins\/seo\/ -->\n<title>G\u00e9nero - Mujer STEM Capacitaciones<\/title>\n<meta name=\"robots\" content=\"index, follow, max-snippet:-1, max-image-preview:large, max-video-preview:-1\" \/>\n<link rel=\"canonical\" href=\"https:\/\/mujerstem.cl\/capacitaciones\/genero\/\" \/>\n<meta property=\"og:locale\" content=\"es_ES\" \/>\n<meta property=\"og:type\" content=\"article\" \/>\n<meta property=\"og:title\" content=\"G\u00e9nero\" \/>\n<meta property=\"og:description\" content=\"G\u00e9nero Nuestro foco es que a la vez que entregamos una charla\/taller o curso que aborda distintas realidades y formas de ver el asunto a tratar, con videos, interacciones y encuestas, procuramos obtener informaci\u00f3n certera para ser trabajada por &#8220;Gesti\u00f3n de personas&#8221;; as\u00ed nuestra propuesta se extiende m\u00e1s all\u00e1 de la presentaci\u00f3n espec\u00edfica. Realizamos seguimiento [&hellip;]\" \/>\n<meta property=\"og:url\" content=\"https:\/\/mujerstem.cl\/capacitaciones\/genero\/\" \/>\n<meta property=\"og:site_name\" content=\"Mujer STEM Capacitaciones\" \/>\n<meta property=\"article:modified_time\" content=\"2022-12-28T14:14:27+00:00\" \/>\n<meta name=\"twitter:card\" content=\"summary_large_image\" \/>\n<meta name=\"twitter:label1\" content=\"Tiempo de lectura\" \/>\n\t<meta name=\"twitter:data1\" content=\"3 minutos\" \/>\n<script type=\"application\/ld+json\" class=\"yoast-schema-graph\">{\"@context\":\"https:\/\/schema.org\",\"@graph\":[{\"@type\":\"WebPage\",\"@id\":\"https:\/\/mujerstem.cl\/capacitaciones\/genero\/\",\"url\":\"https:\/\/mujerstem.cl\/capacitaciones\/genero\/\",\"name\":\"G\u00e9nero - Mujer STEM Capacitaciones\",\"isPartOf\":{\"@id\":\"https:\/\/mujerstem.cl\/capacitaciones\/#website\"},\"datePublished\":\"2022-08-29T17:11:32+00:00\",\"dateModified\":\"2022-12-28T14:14:27+00:00\",\"breadcrumb\":{\"@id\":\"https:\/\/mujerstem.cl\/capacitaciones\/genero\/#breadcrumb\"},\"inLanguage\":\"es\",\"potentialAction\":[{\"@type\":\"ReadAction\",\"target\":[\"https:\/\/mujerstem.cl\/capacitaciones\/genero\/\"]}]},{\"@type\":\"BreadcrumbList\",\"@id\":\"https:\/\/mujerstem.cl\/capacitaciones\/genero\/#breadcrumb\",\"itemListElement\":[{\"@type\":\"ListItem\",\"position\":1,\"name\":\"Home\",\"item\":\"https:\/\/mujerstem.cl\/capacitaciones\/\"},{\"@type\":\"ListItem\",\"position\":2,\"name\":\"G\u00e9nero\"}]},{\"@type\":\"WebSite\",\"@id\":\"https:\/\/mujerstem.cl\/capacitaciones\/#website\",\"url\":\"https:\/\/mujerstem.cl\/capacitaciones\/\",\"name\":\"Mujer STEM Capacitaciones\",\"description\":\"OTEC Tecfem Educa -  Educando con enfoque de g\u00e9nero\",\"potentialAction\":[{\"@type\":\"SearchAction\",\"target\":{\"@type\":\"EntryPoint\",\"urlTemplate\":\"https:\/\/mujerstem.cl\/capacitaciones\/?s={search_term_string}\"},\"query-input\":{\"@type\":\"PropertyValueSpecification\",\"valueRequired\":true,\"valueName\":\"search_term_string\"}}],\"inLanguage\":\"es\"}]}<\/script>\n<!-- \/ Yoast SEO Premium plugin. -->","yoast_head_json":{"title":"G\u00e9nero - Mujer STEM Capacitaciones","robots":{"index":"index","follow":"follow","max-snippet":"max-snippet:-1","max-image-preview":"max-image-preview:large","max-video-preview":"max-video-preview:-1"},"canonical":"https:\/\/mujerstem.cl\/capacitaciones\/genero\/","og_locale":"es_ES","og_type":"article","og_title":"G\u00e9nero","og_description":"G\u00e9nero Nuestro foco es que a la vez que entregamos una charla\/taller o curso que aborda distintas realidades y formas de ver el asunto a tratar, con videos, interacciones y encuestas, procuramos obtener informaci\u00f3n certera para ser trabajada por &#8220;Gesti\u00f3n de personas&#8221;; as\u00ed nuestra propuesta se extiende m\u00e1s all\u00e1 de la presentaci\u00f3n espec\u00edfica. Realizamos seguimiento [&hellip;]","og_url":"https:\/\/mujerstem.cl\/capacitaciones\/genero\/","og_site_name":"Mujer STEM Capacitaciones","article_modified_time":"2022-12-28T14:14:27+00:00","twitter_card":"summary_large_image","twitter_misc":{"Tiempo de lectura":"3 minutos"},"schema":{"@context":"https:\/\/schema.org","@graph":[{"@type":"WebPage","@id":"https:\/\/mujerstem.cl\/capacitaciones\/genero\/","url":"https:\/\/mujerstem.cl\/capacitaciones\/genero\/","name":"G\u00e9nero - Mujer STEM Capacitaciones","isPartOf":{"@id":"https:\/\/mujerstem.cl\/capacitaciones\/#website"},"datePublished":"2022-08-29T17:11:32+00:00","dateModified":"2022-12-28T14:14:27+00:00","breadcrumb":{"@id":"https:\/\/mujerstem.cl\/capacitaciones\/genero\/#breadcrumb"},"inLanguage":"es","potentialAction":[{"@type":"ReadAction","target":["https:\/\/mujerstem.cl\/capacitaciones\/genero\/"]}]},{"@type":"BreadcrumbList","@id":"https:\/\/mujerstem.cl\/capacitaciones\/genero\/#breadcrumb","itemListElement":[{"@type":"ListItem","position":1,"name":"Home","item":"https:\/\/mujerstem.cl\/capacitaciones\/"},{"@type":"ListItem","position":2,"name":"G\u00e9nero"}]},{"@type":"WebSite","@id":"https:\/\/mujerstem.cl\/capacitaciones\/#website","url":"https:\/\/mujerstem.cl\/capacitaciones\/","name":"Mujer STEM Capacitaciones","description":"OTEC Tecfem Educa -  Educando con enfoque de g\u00e9nero","potentialAction":[{"@type":"SearchAction","target":{"@type":"EntryPoint","urlTemplate":"https:\/\/mujerstem.cl\/capacitaciones\/?s={search_term_string}"},"query-input":{"@type":"PropertyValueSpecification","valueRequired":true,"valueName":"search_term_string"}}],"inLanguage":"es"}]}},"_links":{"self":[{"href":"https:\/\/mujerstem.cl\/capacitaciones\/wp-json\/wp\/v2\/pages\/1014","targetHints":{"allow":["GET"]}}],"collection":[{"href":"https:\/\/mujerstem.cl\/capacitaciones\/wp-json\/wp\/v2\/pages"}],"about":[{"href":"https:\/\/mujerstem.cl\/capacitaciones\/wp-json\/wp\/v2\/types\/page"}],"author":[{"embeddable":true,"href":"https:\/\/mujerstem.cl\/capacitaciones\/wp-json\/wp\/v2\/users\/1"}],"replies":[{"embeddable":true,"href":"https:\/\/mujerstem.cl\/capacitaciones\/wp-json\/wp\/v2\/comments?post=1014"}],"version-history":[{"count":70,"href":"https:\/\/mujerstem.cl\/capacitaciones\/wp-json\/wp\/v2\/pages\/1014\/revisions"}],"predecessor-version":[{"id":2575,"href":"https:\/\/mujerstem.cl\/capacitaciones\/wp-json\/wp\/v2\/pages\/1014\/revisions\/2575"}],"wp:attachment":[{"href":"https:\/\/mujerstem.cl\/capacitaciones\/wp-json\/wp\/v2\/media?parent=1014"}],"curies":[{"name":"wp","href":"https:\/\/api.w.org\/{rel}","templated":true}]}}