{"id":1030,"date":"2022-08-29T17:23:50","date_gmt":"2022-08-29T17:23:50","guid":{"rendered":"https:\/\/mujerstem.cl\/capacitaciones\/?page_id=1030"},"modified":"2022-12-28T14:12:42","modified_gmt":"2022-12-28T14:12:42","slug":"oficios","status":"publish","type":"page","link":"https:\/\/mujerstem.cl\/capacitaciones\/oficios\/","title":{"rendered":"Oficios"},"content":{"rendered":"\t\t<div data-elementor-type=\"wp-page\" data-elementor-id=\"1030\" class=\"elementor elementor-1030\" data-elementor-post-type=\"page\">\n\t\t\t\t\t\t<section data-particle_enable=\"false\" data-particle-mobile-disabled=\"false\" class=\"elementor-section elementor-top-section elementor-element elementor-element-0be02ce elementor-section-height-min-height elementor-section-content-middle elementor-section-boxed elementor-section-height-default elementor-section-items-middle\" data-id=\"0be02ce\" data-element_type=\"section\" data-e-type=\"section\" data-settings=\"{&quot;background_background&quot;:&quot;classic&quot;,&quot;jet_parallax_layout_list&quot;:[]}\">\n\t\t\t\t\t\t\t<div class=\"elementor-background-overlay\"><\/div>\n\t\t\t\t\t\t\t<div class=\"elementor-container elementor-column-gap-no\">\n\t\t\t\t\t<div class=\"elementor-column elementor-col-100 elementor-top-column elementor-element elementor-element-66fa2b8\" data-id=\"66fa2b8\" data-element_type=\"column\" data-e-type=\"column\" data-settings=\"{&quot;background_background&quot;:&quot;classic&quot;}\">\n\t\t\t<div class=\"elementor-widget-wrap elementor-element-populated\">\n\t\t\t\t\t\t<div class=\"elementor-element elementor-element-4364f65 elementor-widget elementor-widget-heading\" data-id=\"4364f65\" data-element_type=\"widget\" data-e-type=\"widget\" data-widget_type=\"heading.default\">\n\t\t\t\t<div class=\"elementor-widget-container\">\n\t\t\t\t\t<h1 class=\"elementor-heading-title elementor-size-default\">Oficios<\/h1>\t\t\t\t<\/div>\n\t\t\t\t<\/div>\n\t\t\t\t\t<\/div>\n\t\t<\/div>\n\t\t\t\t\t<\/div>\n\t\t<\/section>\n\t\t\t\t<section data-particle_enable=\"false\" data-particle-mobile-disabled=\"false\" class=\"elementor-section elementor-top-section elementor-element elementor-element-4d405eb elementor-section-boxed elementor-section-height-default elementor-section-height-default\" data-id=\"4d405eb\" data-element_type=\"section\" data-e-type=\"section\" data-settings=\"{&quot;jet_parallax_layout_list&quot;:[]}\">\n\t\t\t\t\t\t<div class=\"elementor-container elementor-column-gap-default\">\n\t\t\t\t\t<div class=\"elementor-column elementor-col-100 elementor-top-column elementor-element elementor-element-80912aa\" data-id=\"80912aa\" data-element_type=\"column\" data-e-type=\"column\">\n\t\t\t<div class=\"elementor-widget-wrap elementor-element-populated\">\n\t\t\t\t\t\t<div class=\"elementor-element elementor-element-16014ad elementor-widget elementor-widget-text-editor\" data-id=\"16014ad\" data-element_type=\"widget\" data-e-type=\"widget\" data-widget_type=\"text-editor.default\">\n\t\t\t\t<div class=\"elementor-widget-container\">\n\t\t\t\t\t\t\t\t\t<p>Nuestro foco es entregar herramientas eficientes y r\u00e1pidas de capacitaci\u00f3n a mujeres de todo Chile a trav\u00e9s de nuestra plataforma TECFEMEduca, para que obtengan conocimientos de oficios o especializaci\u00f3n del \u00e1rea STEM (Ciencia, tecnolog\u00eda, ingenier\u00eda y matem\u00e1ticas)<br \/>Creemos que las carreras generalmente ejercidas por hombres, por los sesgos de g\u00e9nero actuales, son una oportunidad para que las mujeres logren la anhelada independencia econ\u00f3mica en un acotado periodo.<br \/>Desde esta arista operativa, creemos que podemos contribuir a la extensi\u00f3n de los conocimientos STEM en mujeres y ni\u00f1as, derribando las brechas de g\u00e9nero desde lo laboral\/vivencial en plazos m\u00e1s acotados a los proyectados por la Organizaci\u00f3n de las Naciones Unidas, Banco Interamericano de Desarrollo y otras organizaciones.<\/p>\t\t\t\t\t\t\t\t<\/div>\n\t\t\t\t<\/div>\n\t\t\t\t\t<\/div>\n\t\t<\/div>\n\t\t\t\t\t<\/div>\n\t\t<\/section>\n\t\t\t\t<section data-particle_enable=\"false\" data-particle-mobile-disabled=\"false\" class=\"elementor-section elementor-top-section elementor-element elementor-element-6901c86 elementor-section-boxed elementor-section-height-default elementor-section-height-default\" data-id=\"6901c86\" data-element_type=\"section\" data-e-type=\"section\" data-settings=\"{&quot;jet_parallax_layout_list&quot;:[]}\">\n\t\t\t\t\t\t<div class=\"elementor-container elementor-column-gap-default\">\n\t\t\t\t\t<div class=\"elementor-column elementor-col-100 elementor-top-column elementor-element elementor-element-069a1ae\" data-id=\"069a1ae\" data-element_type=\"column\" data-e-type=\"column\">\n\t\t\t<div class=\"elementor-widget-wrap elementor-element-populated\">\n\t\t\t\t\t\t<div class=\"elementor-element elementor-element-85b4621 stax-geo_location_enabled-error stax-edd_users_enabled-error elementor-widget elementor-widget-jet-listing-grid\" data-id=\"85b4621\" data-element_type=\"widget\" data-e-type=\"widget\" data-settings=\"{&quot;columns&quot;:3,&quot;columns_tablet&quot;:&quot;2&quot;,&quot;columns_mobile&quot;:&quot;1&quot;}\" data-widget_type=\"jet-listing-grid.default\">\n\t\t\t\t<div class=\"elementor-widget-container\">\n\t\t\t\t\t<div class=\"jet-listing-grid jet-listing\"><div class=\"jet-listing-not-found jet-listing-grid__items\" data-nav=\"{&quot;enabled&quot;:false,&quot;type&quot;:null,&quot;more_el&quot;:null,&quot;query&quot;:[],&quot;widget_settings&quot;:{&quot;lisitng_id&quot;:2350,&quot;posts_num&quot;:100,&quot;columns&quot;:3,&quot;columns_tablet&quot;:2,&quot;columns_mobile&quot;:1,&quot;is_archive_template&quot;:&quot;&quot;,&quot;post_status&quot;:[&quot;publish&quot;],&quot;use_random_posts_num&quot;:&quot;&quot;,&quot;max_posts_num&quot;:9,&quot;not_found_message&quot;:&quot;No se encontraron datos&quot;,&quot;is_masonry&quot;:false,&quot;equal_columns_height&quot;:&quot;yes&quot;,&quot;use_load_more&quot;:&quot;&quot;,&quot;load_more_id&quot;:&quot;&quot;,&quot;load_more_type&quot;:&quot;click&quot;,&quot;load_more_offset&quot;:{&quot;unit&quot;:&quot;px&quot;,&quot;size&quot;:0,&quot;sizes&quot;:[]},&quot;use_custom_post_types&quot;:&quot;yes&quot;,&quot;custom_post_types&quot;:[],&quot;hide_widget_if&quot;:&quot;&quot;,&quot;carousel_enabled&quot;:&quot;&quot;,&quot;slides_to_scroll&quot;:&quot;1&quot;,&quot;arrows&quot;:&quot;true&quot;,&quot;arrow_icon&quot;:&quot;fa fa-angle-left&quot;,&quot;dots&quot;:&quot;&quot;,&quot;autoplay&quot;:&quot;true&quot;,&quot;pause_on_hover&quot;:&quot;true&quot;,&quot;autoplay_speed&quot;:5000,&quot;infinite&quot;:&quot;true&quot;,&quot;center_mode&quot;:&quot;&quot;,&quot;effect&quot;:&quot;slide&quot;,&quot;speed&quot;:500,&quot;inject_alternative_items&quot;:&quot;&quot;,&quot;injection_items&quot;:[],&quot;scroll_slider_enabled&quot;:&quot;&quot;,&quot;scroll_slider_on&quot;:[&quot;desktop&quot;,&quot;tablet&quot;,&quot;mobile&quot;],&quot;custom_query&quot;:false,&quot;custom_query_id&quot;:&quot;&quot;,&quot;_element_id&quot;:&quot;&quot;,&quot;collapse_first_last_gap&quot;:false,&quot;list_items_wrapper_tag&quot;:&quot;div&quot;,&quot;list_item_tag&quot;:&quot;div&quot;,&quot;empty_items_wrapper_tag&quot;:&quot;div&quot;}}\" data-queried-id=\"1030|WP_Post\">No se encontraron datos<\/div><\/div>\t\t\t\t<\/div>\n\t\t\t\t<\/div>\n\t\t\t\t\t<\/div>\n\t\t<\/div>\n\t\t\t\t\t<\/div>\n\t\t<\/section>\n\t\t\t\t<\/div>\n\t\t","protected":false},"excerpt":{"rendered":"<p>Oficios Nuestro foco es entregar herramientas eficientes y r\u00e1pidas de capacitaci\u00f3n a mujeres de todo Chile a trav\u00e9s de nuestra plataforma TECFEMEduca, para que obtengan conocimientos de oficios o especializaci\u00f3n del \u00e1rea STEM (Ciencia, tecnolog\u00eda, ingenier\u00eda y matem\u00e1ticas)Creemos que las carreras generalmente ejercidas por hombres, por los sesgos de g\u00e9nero actuales, son una oportunidad para [&hellip;]<\/p>\n","protected":false},"author":1,"featured_media":0,"parent":0,"menu_order":0,"comment_status":"closed","ping_status":"closed","template":"elementor_header_footer","meta":{"footnotes":""},"class_list":["post-1030","page","type-page","status-publish","hentry"],"acf":[],"yoast_head":"<!-- This site is optimized with the Yoast SEO Premium plugin v22.3 (Yoast SEO v24.8) - https:\/\/yoast.com\/wordpress\/plugins\/seo\/ -->\n<title>Oficios - Mujer STEM Capacitaciones<\/title>\n<meta name=\"robots\" content=\"index, follow, max-snippet:-1, max-image-preview:large, max-video-preview:-1\" \/>\n<link rel=\"canonical\" href=\"https:\/\/mujerstem.cl\/capacitaciones\/oficios\/\" \/>\n<meta property=\"og:locale\" content=\"es_ES\" \/>\n<meta property=\"og:type\" content=\"article\" \/>\n<meta property=\"og:title\" content=\"Oficios\" \/>\n<meta property=\"og:description\" content=\"Oficios Nuestro foco es entregar herramientas eficientes y r\u00e1pidas de capacitaci\u00f3n a mujeres de todo Chile a trav\u00e9s de nuestra plataforma TECFEMEduca, para que obtengan conocimientos de oficios o especializaci\u00f3n del \u00e1rea STEM (Ciencia, tecnolog\u00eda, ingenier\u00eda y matem\u00e1ticas)Creemos que las carreras generalmente ejercidas por hombres, por los sesgos de g\u00e9nero actuales, son una oportunidad para [&hellip;]\" \/>\n<meta property=\"og:url\" content=\"https:\/\/mujerstem.cl\/capacitaciones\/oficios\/\" \/>\n<meta property=\"og:site_name\" content=\"Mujer STEM Capacitaciones\" \/>\n<meta property=\"article:modified_time\" content=\"2022-12-28T14:12:42+00:00\" \/>\n<meta name=\"twitter:card\" content=\"summary_large_image\" \/>\n<meta name=\"twitter:label1\" content=\"Tiempo de lectura\" \/>\n\t<meta name=\"twitter:data1\" content=\"1 minuto\" \/>\n<script type=\"application\/ld+json\" class=\"yoast-schema-graph\">{\"@context\":\"https:\/\/schema.org\",\"@graph\":[{\"@type\":\"WebPage\",\"@id\":\"https:\/\/mujerstem.cl\/capacitaciones\/oficios\/\",\"url\":\"https:\/\/mujerstem.cl\/capacitaciones\/oficios\/\",\"name\":\"Oficios - Mujer STEM Capacitaciones\",\"isPartOf\":{\"@id\":\"https:\/\/mujerstem.cl\/capacitaciones\/#website\"},\"datePublished\":\"2022-08-29T17:23:50+00:00\",\"dateModified\":\"2022-12-28T14:12:42+00:00\",\"breadcrumb\":{\"@id\":\"https:\/\/mujerstem.cl\/capacitaciones\/oficios\/#breadcrumb\"},\"inLanguage\":\"es\",\"potentialAction\":[{\"@type\":\"ReadAction\",\"target\":[\"https:\/\/mujerstem.cl\/capacitaciones\/oficios\/\"]}]},{\"@type\":\"BreadcrumbList\",\"@id\":\"https:\/\/mujerstem.cl\/capacitaciones\/oficios\/#breadcrumb\",\"itemListElement\":[{\"@type\":\"ListItem\",\"position\":1,\"name\":\"Home\",\"item\":\"https:\/\/mujerstem.cl\/capacitaciones\/\"},{\"@type\":\"ListItem\",\"position\":2,\"name\":\"Oficios\"}]},{\"@type\":\"WebSite\",\"@id\":\"https:\/\/mujerstem.cl\/capacitaciones\/#website\",\"url\":\"https:\/\/mujerstem.cl\/capacitaciones\/\",\"name\":\"Mujer STEM Capacitaciones\",\"description\":\"OTEC Tecfem Educa -  Educando con enfoque de g\u00e9nero\",\"potentialAction\":[{\"@type\":\"SearchAction\",\"target\":{\"@type\":\"EntryPoint\",\"urlTemplate\":\"https:\/\/mujerstem.cl\/capacitaciones\/?s={search_term_string}\"},\"query-input\":{\"@type\":\"PropertyValueSpecification\",\"valueRequired\":true,\"valueName\":\"search_term_string\"}}],\"inLanguage\":\"es\"}]}<\/script>\n<!-- \/ Yoast SEO Premium plugin. -->","yoast_head_json":{"title":"Oficios - Mujer STEM Capacitaciones","robots":{"index":"index","follow":"follow","max-snippet":"max-snippet:-1","max-image-preview":"max-image-preview:large","max-video-preview":"max-video-preview:-1"},"canonical":"https:\/\/mujerstem.cl\/capacitaciones\/oficios\/","og_locale":"es_ES","og_type":"article","og_title":"Oficios","og_description":"Oficios Nuestro foco es entregar herramientas eficientes y r\u00e1pidas de capacitaci\u00f3n a mujeres de todo Chile a trav\u00e9s de nuestra plataforma TECFEMEduca, para que obtengan conocimientos de oficios o especializaci\u00f3n del \u00e1rea STEM (Ciencia, tecnolog\u00eda, ingenier\u00eda y matem\u00e1ticas)Creemos que las carreras generalmente ejercidas por hombres, por los sesgos de g\u00e9nero actuales, son una oportunidad para [&hellip;]","og_url":"https:\/\/mujerstem.cl\/capacitaciones\/oficios\/","og_site_name":"Mujer STEM Capacitaciones","article_modified_time":"2022-12-28T14:12:42+00:00","twitter_card":"summary_large_image","twitter_misc":{"Tiempo de lectura":"1 minuto"},"schema":{"@context":"https:\/\/schema.org","@graph":[{"@type":"WebPage","@id":"https:\/\/mujerstem.cl\/capacitaciones\/oficios\/","url":"https:\/\/mujerstem.cl\/capacitaciones\/oficios\/","name":"Oficios - Mujer STEM Capacitaciones","isPartOf":{"@id":"https:\/\/mujerstem.cl\/capacitaciones\/#website"},"datePublished":"2022-08-29T17:23:50+00:00","dateModified":"2022-12-28T14:12:42+00:00","breadcrumb":{"@id":"https:\/\/mujerstem.cl\/capacitaciones\/oficios\/#breadcrumb"},"inLanguage":"es","potentialAction":[{"@type":"ReadAction","target":["https:\/\/mujerstem.cl\/capacitaciones\/oficios\/"]}]},{"@type":"BreadcrumbList","@id":"https:\/\/mujerstem.cl\/capacitaciones\/oficios\/#breadcrumb","itemListElement":[{"@type":"ListItem","position":1,"name":"Home","item":"https:\/\/mujerstem.cl\/capacitaciones\/"},{"@type":"ListItem","position":2,"name":"Oficios"}]},{"@type":"WebSite","@id":"https:\/\/mujerstem.cl\/capacitaciones\/#website","url":"https:\/\/mujerstem.cl\/capacitaciones\/","name":"Mujer STEM Capacitaciones","description":"OTEC Tecfem Educa -  Educando con enfoque de g\u00e9nero","potentialAction":[{"@type":"SearchAction","target":{"@type":"EntryPoint","urlTemplate":"https:\/\/mujerstem.cl\/capacitaciones\/?s={search_term_string}"},"query-input":{"@type":"PropertyValueSpecification","valueRequired":true,"valueName":"search_term_string"}}],"inLanguage":"es"}]}},"_links":{"self":[{"href":"https:\/\/mujerstem.cl\/capacitaciones\/wp-json\/wp\/v2\/pages\/1030","targetHints":{"allow":["GET"]}}],"collection":[{"href":"https:\/\/mujerstem.cl\/capacitaciones\/wp-json\/wp\/v2\/pages"}],"about":[{"href":"https:\/\/mujerstem.cl\/capacitaciones\/wp-json\/wp\/v2\/types\/page"}],"author":[{"embeddable":true,"href":"https:\/\/mujerstem.cl\/capacitaciones\/wp-json\/wp\/v2\/users\/1"}],"replies":[{"embeddable":true,"href":"https:\/\/mujerstem.cl\/capacitaciones\/wp-json\/wp\/v2\/comments?post=1030"}],"version-history":[{"count":31,"href":"https:\/\/mujerstem.cl\/capacitaciones\/wp-json\/wp\/v2\/pages\/1030\/revisions"}],"predecessor-version":[{"id":2572,"href":"https:\/\/mujerstem.cl\/capacitaciones\/wp-json\/wp\/v2\/pages\/1030\/revisions\/2572"}],"wp:attachment":[{"href":"https:\/\/mujerstem.cl\/capacitaciones\/wp-json\/wp\/v2\/media?parent=1030"}],"curies":[{"name":"wp","href":"https:\/\/api.w.org\/{rel}","templated":true}]}}