{"id":784,"date":"2022-08-24T13:53:57","date_gmt":"2022-08-24T13:53:57","guid":{"rendered":"https:\/\/mujerstem.cl\/capacitaciones\/?post_type=product&#038;p=784"},"modified":"2025-04-22T19:59:15","modified_gmt":"2025-04-22T23:59:15","slug":"herramientas-para-la-incorporacion-del-enfoque-de-genero-en-las-organizaciones","status":"publish","type":"product","link":"https:\/\/mujerstem.cl\/capacitaciones\/curso\/herramientas-para-la-incorporacion-del-enfoque-de-genero-en-las-organizaciones\/","title":{"rendered":"Herramientas para la incorporaci\u00f3n del enfoque de g\u00e9nero en las organizaciones"},"content":{"rendered":"<p>En las sociedades existen desigualdades que generan desventajas entre hombres y mujeres. La superaci\u00f3n de estas situaciones es posible a trav\u00e9s de una diversidad de transformaciones, en la medida que el Estado, la sociedad, las empresas y organizaciones sean capaces de diagnosticar adecuadamente las condiciones en las que se encuentran mujeres y hombres al interior de una organizaci\u00f3n con el fin de reducir las brechas y la eliminaci\u00f3n de las barreras de g\u00e9nero en la organizaci\u00f3n.<br \/>\nLa igualdad de g\u00e9nero debe ser un lineamiento estrat\u00e9gico de las organizaciones, en los planes de acci\u00f3n y por ende en la planificaci\u00f3n estrat\u00e9gica. Se hace necesario entonces contar con herramientas que permitan lograr las metas de la igualdad de g\u00e9nero para asegurar pol\u00edticas eficientes y efectivas, as\u00ed como equidad y justicia social.<\/p>\n<p>&nbsp;<\/p>\n","protected":false},"excerpt":{"rendered":"<p><strong>Contenido del curso:<\/strong><\/p>\n<p><strong>Unidad I:<\/strong>\u00a0Conocer los conceptos y las bases conceptuales del enfoque de g\u00e9nero.<br \/>\n<strong>Unidad II:<\/strong>\u00a0Sistemas de gesti\u00f3n de igualdad de g\u00e9nero.<br \/>\n<strong>Unidad III:<\/strong>\u00a0Comprender los sistemas de gesti\u00f3n de igualdad de g\u00e9nero y aplicar indicadores de g\u00e9nero para el dise\u00f1o de planes de acci\u00f3n.<\/p>\n<p>***Nuestros cursos son para mantener a nuestra fundaci\u00f3n en funcionamiento y poder seguir entregando nuestros servicios a las mujeres<\/p>\n","protected":false},"featured_media":788,"comment_status":"open","ping_status":"closed","template":"","meta":[],"product_cat":[31,22],"product_tag":[],"class_list":{"0":"post-784","1":"product","2":"type-product","3":"status-publish","4":"has-post-thumbnail","6":"product_cat-enfoque-de-genero-y-organizaciones","7":"product_cat-genero","9":"first","10":"instock","11":"shipping-taxable","12":"purchasable","13":"product-type-simple"},"acf":[],"yoast_head":"<!-- This site is optimized with the Yoast SEO Premium plugin v22.3 (Yoast SEO v24.8) - https:\/\/yoast.com\/wordpress\/plugins\/seo\/ -->\n<title>Herramientas para la incorporaci\u00f3n del enfoque de g\u00e9nero en las organizaciones - Mujer STEM Capacitaciones<\/title>\n<meta name=\"description\" content=\"Curso de G\u00e9nero para fortalecer las capacidades internas en equipos para incorporar de manera estrat\u00e9gica y operativa el enfoque de g\u00e9nero en organizaciones\" \/>\n<meta name=\"robots\" content=\"index, follow, max-snippet:-1, max-image-preview:large, max-video-preview:-1\" \/>\n<link rel=\"canonical\" href=\"https:\/\/mujerstem.cl\/capacitaciones\/curso\/herramientas-para-la-incorporacion-del-enfoque-de-genero-en-las-organizaciones\/\" \/>\n<meta property=\"og:locale\" content=\"es_ES\" \/>\n<meta property=\"og:type\" content=\"article\" \/>\n<meta property=\"og:title\" content=\"Herramientas para la incorporaci\u00f3n del enfoque de g\u00e9nero en las organizaciones\" \/>\n<meta property=\"og:description\" content=\"Curso de G\u00e9nero para fortalecer las capacidades internas en equipos para incorporar de manera estrat\u00e9gica y operativa el enfoque de g\u00e9nero en organizaciones\" \/>\n<meta property=\"og:url\" content=\"https:\/\/mujerstem.cl\/capacitaciones\/curso\/herramientas-para-la-incorporacion-del-enfoque-de-genero-en-las-organizaciones\/\" \/>\n<meta property=\"og:site_name\" content=\"Mujer STEM Capacitaciones\" \/>\n<meta property=\"article:modified_time\" content=\"2025-04-22T23:59:15+00:00\" \/>\n<meta property=\"og:image\" content=\"https:\/\/mujerstem.cl\/capacitaciones\/wp-content\/uploads\/2022\/08\/Diseno-sin-titulo-1.jpg\" \/>\n\t<meta property=\"og:image:width\" content=\"1584\" \/>\n\t<meta property=\"og:image:height\" content=\"596\" \/>\n\t<meta property=\"og:image:type\" content=\"image\/jpeg\" \/>\n<meta name=\"twitter:card\" content=\"summary_large_image\" \/>\n<meta name=\"twitter:label1\" content=\"Precio\" \/>\n\t<meta name=\"twitter:data1\" content=\"&#036;56,000\" \/>\n\t<meta name=\"twitter:label2\" content=\"Disponibilidad\" \/>\n\t<meta name=\"twitter:data2\" content=\"Disponible\" \/>\n<script type=\"application\/ld+json\" class=\"yoast-schema-graph\">{\"@context\":\"https:\/\/schema.org\",\"@graph\":[{\"@type\":\"WebPage\",\"@id\":\"https:\/\/mujerstem.cl\/capacitaciones\/curso\/herramientas-para-la-incorporacion-del-enfoque-de-genero-en-las-organizaciones\/\",\"url\":\"https:\/\/mujerstem.cl\/capacitaciones\/curso\/herramientas-para-la-incorporacion-del-enfoque-de-genero-en-las-organizaciones\/\",\"name\":\"Herramientas para la incorporaci\u00f3n del enfoque de g\u00e9nero en las organizaciones - Mujer STEM Capacitaciones\",\"isPartOf\":{\"@id\":\"https:\/\/mujerstem.cl\/capacitaciones\/#website\"},\"primaryImageOfPage\":{\"@id\":\"https:\/\/mujerstem.cl\/capacitaciones\/curso\/herramientas-para-la-incorporacion-del-enfoque-de-genero-en-las-organizaciones\/#primaryimage\"},\"image\":{\"@id\":\"https:\/\/mujerstem.cl\/capacitaciones\/curso\/herramientas-para-la-incorporacion-del-enfoque-de-genero-en-las-organizaciones\/#primaryimage\"},\"thumbnailUrl\":\"https:\/\/mujerstem.cl\/capacitaciones\/wp-content\/uploads\/2022\/08\/Diseno-sin-titulo-1.jpg\",\"datePublished\":\"2022-08-24T13:53:57+00:00\",\"dateModified\":\"2025-04-22T23:59:15+00:00\",\"description\":\"Curso de G\u00e9nero para fortalecer las capacidades internas en equipos para incorporar de manera estrat\u00e9gica y operativa el enfoque de g\u00e9nero en organizaciones\",\"breadcrumb\":{\"@id\":\"https:\/\/mujerstem.cl\/capacitaciones\/curso\/herramientas-para-la-incorporacion-del-enfoque-de-genero-en-las-organizaciones\/#breadcrumb\"},\"inLanguage\":\"es\",\"potentialAction\":[{\"@type\":\"ReadAction\",\"target\":[\"https:\/\/mujerstem.cl\/capacitaciones\/curso\/herramientas-para-la-incorporacion-del-enfoque-de-genero-en-las-organizaciones\/\"]}]},{\"@type\":\"ImageObject\",\"inLanguage\":\"es\",\"@id\":\"https:\/\/mujerstem.cl\/capacitaciones\/curso\/herramientas-para-la-incorporacion-del-enfoque-de-genero-en-las-organizaciones\/#primaryimage\",\"url\":\"https:\/\/mujerstem.cl\/capacitaciones\/wp-content\/uploads\/2022\/08\/Diseno-sin-titulo-1.jpg\",\"contentUrl\":\"https:\/\/mujerstem.cl\/capacitaciones\/wp-content\/uploads\/2022\/08\/Diseno-sin-titulo-1.jpg\",\"width\":1584,\"height\":596},{\"@type\":\"BreadcrumbList\",\"@id\":\"https:\/\/mujerstem.cl\/capacitaciones\/curso\/herramientas-para-la-incorporacion-del-enfoque-de-genero-en-las-organizaciones\/#breadcrumb\",\"itemListElement\":[{\"@type\":\"ListItem\",\"position\":1,\"name\":\"Home\",\"item\":\"https:\/\/mujerstem.cl\/capacitaciones\/\"},{\"@type\":\"ListItem\",\"position\":2,\"name\":\"Shop\",\"item\":\"https:\/\/mujerstem.cl\/capacitaciones\/?page_id=17\"},{\"@type\":\"ListItem\",\"position\":3,\"name\":\"Herramientas para la incorporaci\u00f3n del enfoque de g\u00e9nero en las organizaciones\"}]},{\"@type\":\"WebSite\",\"@id\":\"https:\/\/mujerstem.cl\/capacitaciones\/#website\",\"url\":\"https:\/\/mujerstem.cl\/capacitaciones\/\",\"name\":\"Mujer STEM Capacitaciones\",\"description\":\"OTEC Tecfem Educa -  Educando con enfoque de g\u00e9nero\",\"potentialAction\":[{\"@type\":\"SearchAction\",\"target\":{\"@type\":\"EntryPoint\",\"urlTemplate\":\"https:\/\/mujerstem.cl\/capacitaciones\/?s={search_term_string}\"},\"query-input\":{\"@type\":\"PropertyValueSpecification\",\"valueRequired\":true,\"valueName\":\"search_term_string\"}}],\"inLanguage\":\"es\"}]}<\/script>\n<meta property=\"product:price:amount\" content=\"56000\" \/>\n<meta property=\"product:price:currency\" content=\"CLP\" \/>\n<meta property=\"og:availability\" content=\"instock\" \/>\n<meta property=\"product:availability\" content=\"instock\" \/>\n<meta property=\"product:condition\" content=\"new\" \/>\n<!-- \/ Yoast SEO Premium plugin. -->","yoast_head_json":{"title":"Herramientas para la incorporaci\u00f3n del enfoque de g\u00e9nero en las organizaciones - Mujer STEM Capacitaciones","description":"Curso de G\u00e9nero para fortalecer las capacidades internas en equipos para incorporar de manera estrat\u00e9gica y operativa el enfoque de g\u00e9nero en organizaciones","robots":{"index":"index","follow":"follow","max-snippet":"max-snippet:-1","max-image-preview":"max-image-preview:large","max-video-preview":"max-video-preview:-1"},"canonical":"https:\/\/mujerstem.cl\/capacitaciones\/curso\/herramientas-para-la-incorporacion-del-enfoque-de-genero-en-las-organizaciones\/","og_locale":"es_ES","og_type":"article","og_title":"Herramientas para la incorporaci\u00f3n del enfoque de g\u00e9nero en las organizaciones","og_description":"Curso de G\u00e9nero para fortalecer las capacidades internas en equipos para incorporar de manera estrat\u00e9gica y operativa el enfoque de g\u00e9nero en organizaciones","og_url":"https:\/\/mujerstem.cl\/capacitaciones\/curso\/herramientas-para-la-incorporacion-del-enfoque-de-genero-en-las-organizaciones\/","og_site_name":"Mujer STEM Capacitaciones","article_modified_time":"2025-04-22T23:59:15+00:00","og_image":[{"width":1584,"height":596,"url":"https:\/\/mujerstem.cl\/capacitaciones\/wp-content\/uploads\/2022\/08\/Diseno-sin-titulo-1.jpg","type":"image\/jpeg"}],"twitter_card":"summary_large_image","twitter_misc":{"Precio":"&#36;56,000","Disponibilidad":"Disponible"},"schema":{"@context":"https:\/\/schema.org","@graph":[{"@type":"WebPage","@id":"https:\/\/mujerstem.cl\/capacitaciones\/curso\/herramientas-para-la-incorporacion-del-enfoque-de-genero-en-las-organizaciones\/","url":"https:\/\/mujerstem.cl\/capacitaciones\/curso\/herramientas-para-la-incorporacion-del-enfoque-de-genero-en-las-organizaciones\/","name":"Herramientas para la incorporaci\u00f3n del enfoque de g\u00e9nero en las organizaciones - Mujer STEM Capacitaciones","isPartOf":{"@id":"https:\/\/mujerstem.cl\/capacitaciones\/#website"},"primaryImageOfPage":{"@id":"https:\/\/mujerstem.cl\/capacitaciones\/curso\/herramientas-para-la-incorporacion-del-enfoque-de-genero-en-las-organizaciones\/#primaryimage"},"image":{"@id":"https:\/\/mujerstem.cl\/capacitaciones\/curso\/herramientas-para-la-incorporacion-del-enfoque-de-genero-en-las-organizaciones\/#primaryimage"},"thumbnailUrl":"https:\/\/mujerstem.cl\/capacitaciones\/wp-content\/uploads\/2022\/08\/Diseno-sin-titulo-1.jpg","datePublished":"2022-08-24T13:53:57+00:00","dateModified":"2025-04-22T23:59:15+00:00","description":"Curso de G\u00e9nero para fortalecer las capacidades internas en equipos para incorporar de manera estrat\u00e9gica y operativa el enfoque de g\u00e9nero en organizaciones","breadcrumb":{"@id":"https:\/\/mujerstem.cl\/capacitaciones\/curso\/herramientas-para-la-incorporacion-del-enfoque-de-genero-en-las-organizaciones\/#breadcrumb"},"inLanguage":"es","potentialAction":[{"@type":"ReadAction","target":["https:\/\/mujerstem.cl\/capacitaciones\/curso\/herramientas-para-la-incorporacion-del-enfoque-de-genero-en-las-organizaciones\/"]}]},{"@type":"ImageObject","inLanguage":"es","@id":"https:\/\/mujerstem.cl\/capacitaciones\/curso\/herramientas-para-la-incorporacion-del-enfoque-de-genero-en-las-organizaciones\/#primaryimage","url":"https:\/\/mujerstem.cl\/capacitaciones\/wp-content\/uploads\/2022\/08\/Diseno-sin-titulo-1.jpg","contentUrl":"https:\/\/mujerstem.cl\/capacitaciones\/wp-content\/uploads\/2022\/08\/Diseno-sin-titulo-1.jpg","width":1584,"height":596},{"@type":"BreadcrumbList","@id":"https:\/\/mujerstem.cl\/capacitaciones\/curso\/herramientas-para-la-incorporacion-del-enfoque-de-genero-en-las-organizaciones\/#breadcrumb","itemListElement":[{"@type":"ListItem","position":1,"name":"Home","item":"https:\/\/mujerstem.cl\/capacitaciones\/"},{"@type":"ListItem","position":2,"name":"Shop","item":"https:\/\/mujerstem.cl\/capacitaciones\/?page_id=17"},{"@type":"ListItem","position":3,"name":"Herramientas para la incorporaci\u00f3n del enfoque de g\u00e9nero en las organizaciones"}]},{"@type":"WebSite","@id":"https:\/\/mujerstem.cl\/capacitaciones\/#website","url":"https:\/\/mujerstem.cl\/capacitaciones\/","name":"Mujer STEM Capacitaciones","description":"OTEC Tecfem Educa -  Educando con enfoque de g\u00e9nero","potentialAction":[{"@type":"SearchAction","target":{"@type":"EntryPoint","urlTemplate":"https:\/\/mujerstem.cl\/capacitaciones\/?s={search_term_string}"},"query-input":{"@type":"PropertyValueSpecification","valueRequired":true,"valueName":"search_term_string"}}],"inLanguage":"es"}]},"product_price_amount":"56000","product_price_currency":"CLP","og_availability":"instock","product_availability":"instock","product_condition":"new"},"_links":{"self":[{"href":"https:\/\/mujerstem.cl\/capacitaciones\/wp-json\/wp\/v2\/product\/784","targetHints":{"allow":["GET"]}}],"collection":[{"href":"https:\/\/mujerstem.cl\/capacitaciones\/wp-json\/wp\/v2\/product"}],"about":[{"href":"https:\/\/mujerstem.cl\/capacitaciones\/wp-json\/wp\/v2\/types\/product"}],"replies":[{"embeddable":true,"href":"https:\/\/mujerstem.cl\/capacitaciones\/wp-json\/wp\/v2\/comments?post=784"}],"wp:featuredmedia":[{"embeddable":true,"href":"https:\/\/mujerstem.cl\/capacitaciones\/wp-json\/wp\/v2\/media\/788"}],"wp:attachment":[{"href":"https:\/\/mujerstem.cl\/capacitaciones\/wp-json\/wp\/v2\/media?parent=784"}],"wp:term":[{"taxonomy":"product_cat","embeddable":true,"href":"https:\/\/mujerstem.cl\/capacitaciones\/wp-json\/wp\/v2\/product_cat?post=784"},{"taxonomy":"product_tag","embeddable":true,"href":"https:\/\/mujerstem.cl\/capacitaciones\/wp-json\/wp\/v2\/product_tag?post=784"}],"curies":[{"name":"wp","href":"https:\/\/api.w.org\/{rel}","templated":true}]}}